{"id":10,"date":"2020-09-15T06:48:15","date_gmt":"2020-09-15T06:48:15","guid":{"rendered":"http:\/\/pandemoniumraid.es\/?page_id=10"},"modified":"2024-12-29T21:07:43","modified_gmt":"2024-12-29T19:07:43","slug":"home","status":"publish","type":"page","link":"https:\/\/pandemoniumraid.es\/","title":{"rendered":"Inicio"},"content":{"rendered":"\n<div class=\"wp-block-cover alignfull is-light\" style=\"min-height:750px;aspect-ratio:unset;\"><span aria-hidden=\"true\" class=\"wp-block-cover__background has-background-dim-20 has-background-dim\" style=\"background-color:#000000\"><\/span><img loading=\"lazy\" decoding=\"async\" width=\"2560\" height=\"1920\" class=\"wp-block-cover__image-background wp-image-437\" alt=\"\" src=\"http:\/\/pandemoniumraid.es\/wp-content\/uploads\/2022\/03\/IMG_8421-scaled.jpg\" style=\"object-position:64% 90%\" data-object-fit=\"cover\" data-object-position=\"64% 90%\" srcset=\"https:\/\/pandemoniumraid.es\/wp-content\/uploads\/2022\/03\/IMG_8421-scaled.jpg 2560w, https:\/\/pandemoniumraid.es\/wp-content\/uploads\/2022\/03\/IMG_8421-300x225.jpg 300w, https:\/\/pandemoniumraid.es\/wp-content\/uploads\/2022\/03\/IMG_8421-1024x768.jpg 1024w, https:\/\/pandemoniumraid.es\/wp-content\/uploads\/2022\/03\/IMG_8421-768x576.jpg 768w, https:\/\/pandemoniumraid.es\/wp-content\/uploads\/2022\/03\/IMG_8421-1536x1152.jpg 1536w, https:\/\/pandemoniumraid.es\/wp-content\/uploads\/2022\/03\/IMG_8421-2048x1536.jpg 2048w\" sizes=\"auto, (max-width: 2560px) 100vw, 2560px\" \/><div class=\"wp-block-cover__inner-container is-layout-flow wp-block-cover-is-layout-flow\">\n<h3 class=\"wp-block-heading has-text-align-center has-text-color\" style=\"color:#ffffff\">Atr\u00e9vete a vivirlo<\/h3>\n\n\n\n<hr class=\"wp-block-separator has-text-color has-css-opacity has-background aligncenter\" style=\"background-color:#ffffff;color:#ffffff\"\/>\n\n\n\n<h1 class=\"wp-block-heading has-text-align-center has-text-color\" style=\"color:#ffffff\">RAID PANDEMONIUM<\/h1>\n\n\n\n<div class=\"wp-block-buttons is-horizontal is-content-justification-center is-layout-flex wp-container-core-buttons-is-layout-03627597 wp-block-buttons-is-layout-flex\">\n<div class=\"wp-block-button\"><a class=\"wp-block-button__link wp-element-button\">CON\u00d3CENOS<\/a><\/div>\n<\/div>\n<\/div><\/div>\n\n\n\n<div class=\"inherit-container-width wp-block-group alignfull has-ast-global-color-4-background-color has-background is-layout-constrained wp-block-group-is-layout-constrained\"><div class=\"wp-block-group__inner-container\">\n<p class=\"has-text-align-center\">\u00abMucha gente peque\u00f1a en lugares peque\u00f1os haciendo cosas peque\u00f1as pueden cambiar el mundo\u00bb<\/p>\n\n\n\n<p class=\"has-text-align-center has-ast-global-color-4-background-color has-background\">&#8211; Eduardo Galeano<\/p>\n<\/div><\/div>\n\n\n\n<div class=\"inherit-container-width wp-block-group alignfull has-ast-global-color-5-background-color has-background is-layout-constrained wp-block-group-is-layout-constrained\"><div class=\"wp-block-group__inner-container\">\n<h2 class=\"wp-block-heading has-text-align-center\">Pr\u00f3ximas aventuras<\/h2>\n\n\n\n<div class=\"wp-block-columns alignwide is-layout-flex wp-container-core-columns-is-layout-28f84493 wp-block-columns-is-layout-flex\">\n<div class=\"wp-block-column is-layout-flow wp-block-column-is-layout-flow\">\n<div class=\"inherit-container-width wp-block-group is-layout-constrained wp-block-group-is-layout-constrained\"><div class=\"wp-block-group__inner-container\">\n<figure class=\"wp-block-image aligncenter size-full is-resized\"><img loading=\"lazy\" decoding=\"async\" width=\"262\" height=\"192\" src=\"https:\/\/pandemoniumraid.es\/wp-content\/uploads\/2022\/03\/monegros-TT.jpg\" alt=\"\" class=\"wp-image-626\" style=\"width:548px;height:399px\"\/><\/figure>\n\n\n\n<h5 class=\"wp-block-heading has-text-align-center\">Monegros TT<\/h5>\n\n\n\n<p class=\"has-text-align-center\">Junto a nuestros amigos del circuito Monegros ya estamos ideando nuevas aventuras para el pr\u00f3ximo oto\u00f1o<\/p>\n\n\n\n<div class=\"wp-block-buttons is-horizontal is-content-justification-center is-layout-flex wp-container-core-buttons-is-layout-03627597 wp-block-buttons-is-layout-flex\">\n<div class=\"wp-block-button\"><a class=\"wp-block-button__link wp-element-button\">Descubre m\u00e1s<\/a><\/div>\n<\/div>\n<\/div><\/div>\n<\/div>\n\n\n\n<div class=\"wp-block-column is-layout-flow wp-block-column-is-layout-flow\">\n<div class=\"inherit-container-width wp-block-group is-layout-constrained wp-block-group-is-layout-constrained\"><div class=\"wp-block-group__inner-container\">\n<figure class=\"wp-block-image aligncenter size-large is-resized\"><img loading=\"lazy\" decoding=\"async\" width=\"1024\" height=\"768\" src=\"http:\/\/pandemoniumraid.es\/wp-content\/uploads\/2022\/03\/P1070739-1024x768.jpg\" alt=\"\" class=\"wp-image-522\" style=\"width:-111px;height:-83px\" srcset=\"https:\/\/pandemoniumraid.es\/wp-content\/uploads\/2022\/03\/P1070739-1024x768.jpg 1024w, https:\/\/pandemoniumraid.es\/wp-content\/uploads\/2022\/03\/P1070739-300x225.jpg 300w, https:\/\/pandemoniumraid.es\/wp-content\/uploads\/2022\/03\/P1070739-768x576.jpg 768w, https:\/\/pandemoniumraid.es\/wp-content\/uploads\/2022\/03\/P1070739-1536x1152.jpg 1536w, https:\/\/pandemoniumraid.es\/wp-content\/uploads\/2022\/03\/P1070739-2048x1536.jpg 2048w\" sizes=\"auto, (max-width: 1024px) 100vw, 1024px\" \/><\/figure>\n\n\n\n<h5 class=\"wp-block-heading has-text-align-center\">Edici\u00f3n 2025<\/h5>\n\n\n\n<p class=\"has-text-align-center\">Desde el viernes 4 al viernes 11 de abril nos volveremos a encontrar con nuestros amigos de Marruecos.<\/p>\n\n\n\n<div class=\"wp-block-buttons is-horizontal is-content-justification-center is-layout-flex wp-container-core-buttons-is-layout-03627597 wp-block-buttons-is-layout-flex\">\n<div class=\"wp-block-button\"><a class=\"wp-block-button__link wp-element-button\">Descubre m\u00e1s<\/a><\/div>\n<\/div>\n<\/div><\/div>\n<\/div>\n<\/div>\n<\/div><\/div>\n\n\n\n<div class=\"wp-block-cover alignfull is-light has-parallax\" style=\"min-height:600px;aspect-ratio:unset;\"><span aria-hidden=\"true\" class=\"wp-block-cover__background has-background-dim-0 has-background-dim\" style=\"background-color:#000000\"><\/span><div class=\"wp-block-cover__image-background wp-image-524 has-parallax\" style=\"background-position:50% 50%;background-image:url(http:\/\/pandemoniumraid.es\/wp-content\/uploads\/2022\/03\/P1070758-scaled.jpg)\"><\/div><div class=\"wp-block-cover__inner-container is-layout-flow wp-block-cover-is-layout-flow\">\n<div class=\"wp-block-columns alignwide are-vertically-aligned-center is-layout-flex wp-container-core-columns-is-layout-28f84493 wp-block-columns-is-layout-flex\">\n<div class=\"wp-block-column is-vertically-aligned-center is-layout-flow wp-block-column-is-layout-flow\"><\/div>\n\n\n\n<div class=\"wp-block-column is-vertically-aligned-center is-layout-flow wp-block-column-is-layout-flow\">\n<h2 class=\"wp-block-heading has-text-color\" style=\"color:#ffffff\">Descubre el aut\u00e9ntico Marruecos<\/h2>\n\n\n\n<hr class=\"wp-block-separator has-text-color has-css-opacity has-background is-style-wide\" style=\"background-color:#ffffff;color:#ffffff\"\/>\n\n\n\n<p class=\"has-text-color\" style=\"color:#ffffff\">Una cosa es ir a Marruecos y otra bien distinta conocer el aut\u00e9ntico Marruecos. En el Pandemonium conocer\u00e1s lugares donde nunca llegar\u00edas de otra manera.<\/p>\n\n\n\n<div class=\"wp-block-buttons is-layout-flex wp-block-buttons-is-layout-flex\">\n<div class=\"wp-block-button\"><a class=\"wp-block-button__link wp-element-button\">desc\u00fabrelo<\/a><\/div>\n<\/div>\n<\/div>\n<\/div>\n<\/div><\/div>\n\n\n\n<div class=\"inherit-container-width wp-block-group alignfull has-white-background-color has-background is-layout-constrained wp-block-group-is-layout-constrained\"><div class=\"wp-block-group__inner-container\">\n<div class=\"wp-block-columns alignwide are-vertically-aligned-center is-layout-flex wp-container-core-columns-is-layout-28f84493 wp-block-columns-is-layout-flex\">\n<div class=\"wp-block-column is-vertically-aligned-center is-layout-flow wp-block-column-is-layout-flow\" style=\"flex-basis:33.33%\">\n<h2 class=\"wp-block-heading\">\u00bfTe lo vas a perder?<\/h2>\n\n\n\n<p>En Pandemonium somos personas, no n\u00fameros, y por ello siempre hemos limitado el n\u00famero de equipos. De hecho en la edici\u00f3n 2024 no habr\u00e1 incorporaciones de nuevos equipos pero \u00bfte vas a rendir?<\/p>\n\n\n\n<div class=\"wp-block-buttons is-layout-flex wp-block-buttons-is-layout-flex\">\n<div class=\"wp-block-button\"><a class=\"wp-block-button__link wp-element-button\">contacta con nosotros<\/a><\/div>\n<\/div>\n<\/div>\n\n\n\n<div class=\"wp-block-column is-vertically-aligned-center is-layout-flow wp-block-column-is-layout-flow\" style=\"flex-basis:66.66%\">\n<figure class=\"wp-block-gallery has-nested-images columns-2 wp-block-gallery-1 is-layout-flex wp-block-gallery-is-layout-flex\">\n<figure class=\"wp-block-image size-large\"><img loading=\"lazy\" decoding=\"async\" width=\"768\" height=\"1024\" data-id=\"430\" src=\"http:\/\/pandemoniumraid.es\/wp-content\/uploads\/2022\/03\/IMG_8004-768x1024.jpg\" alt=\"\" class=\"wp-image-430\" srcset=\"https:\/\/pandemoniumraid.es\/wp-content\/uploads\/2022\/03\/IMG_8004-768x1024.jpg 768w, https:\/\/pandemoniumraid.es\/wp-content\/uploads\/2022\/03\/IMG_8004-225x300.jpg 225w, https:\/\/pandemoniumraid.es\/wp-content\/uploads\/2022\/03\/IMG_8004-1152x1536.jpg 1152w, https:\/\/pandemoniumraid.es\/wp-content\/uploads\/2022\/03\/IMG_8004-1536x2048.jpg 1536w, https:\/\/pandemoniumraid.es\/wp-content\/uploads\/2022\/03\/IMG_8004-scaled.jpg 1920w\" sizes=\"auto, (max-width: 768px) 100vw, 768px\" \/><\/figure>\n\n\n\n<figure class=\"wp-block-image size-large\"><img loading=\"lazy\" decoding=\"async\" width=\"768\" height=\"1024\" data-id=\"425\" src=\"http:\/\/pandemoniumraid.es\/wp-content\/uploads\/2022\/03\/IMG_7781-768x1024.jpg\" alt=\"\" class=\"wp-image-425\" srcset=\"https:\/\/pandemoniumraid.es\/wp-content\/uploads\/2022\/03\/IMG_7781-768x1024.jpg 768w, https:\/\/pandemoniumraid.es\/wp-content\/uploads\/2022\/03\/IMG_7781-225x300.jpg 225w, https:\/\/pandemoniumraid.es\/wp-content\/uploads\/2022\/03\/IMG_7781-1152x1536.jpg 1152w, https:\/\/pandemoniumraid.es\/wp-content\/uploads\/2022\/03\/IMG_7781-1536x2048.jpg 1536w, https:\/\/pandemoniumraid.es\/wp-content\/uploads\/2022\/03\/IMG_7781-scaled.jpg 1920w\" sizes=\"auto, (max-width: 768px) 100vw, 768px\" \/><\/figure>\n\n\n\n<figure class=\"wp-block-image size-large\"><img loading=\"lazy\" decoding=\"async\" width=\"1024\" height=\"768\" data-id=\"403\" src=\"http:\/\/pandemoniumraid.es\/wp-content\/uploads\/2022\/03\/IMG_5405-2-1024x768.jpg\" alt=\"\" class=\"wp-image-403\" srcset=\"https:\/\/pandemoniumraid.es\/wp-content\/uploads\/2022\/03\/IMG_5405-2-1024x768.jpg 1024w, https:\/\/pandemoniumraid.es\/wp-content\/uploads\/2022\/03\/IMG_5405-2-300x225.jpg 300w, https:\/\/pandemoniumraid.es\/wp-content\/uploads\/2022\/03\/IMG_5405-2-768x576.jpg 768w, https:\/\/pandemoniumraid.es\/wp-content\/uploads\/2022\/03\/IMG_5405-2-1536x1152.jpg 1536w, https:\/\/pandemoniumraid.es\/wp-content\/uploads\/2022\/03\/IMG_5405-2-2048x1536.jpg 2048w\" sizes=\"auto, (max-width: 1024px) 100vw, 1024px\" \/><\/figure>\n\n\n\n<figure class=\"wp-block-image size-large is-style-default\"><img loading=\"lazy\" decoding=\"async\" width=\"1024\" height=\"768\" data-id=\"401\" src=\"http:\/\/pandemoniumraid.es\/wp-content\/uploads\/2022\/03\/IMG_5404-3-1024x768.jpg\" alt=\"\" class=\"wp-image-401\" srcset=\"https:\/\/pandemoniumraid.es\/wp-content\/uploads\/2022\/03\/IMG_5404-3-1024x768.jpg 1024w, https:\/\/pandemoniumraid.es\/wp-content\/uploads\/2022\/03\/IMG_5404-3-300x225.jpg 300w, https:\/\/pandemoniumraid.es\/wp-content\/uploads\/2022\/03\/IMG_5404-3-768x576.jpg 768w, https:\/\/pandemoniumraid.es\/wp-content\/uploads\/2022\/03\/IMG_5404-3-1536x1152.jpg 1536w, https:\/\/pandemoniumraid.es\/wp-content\/uploads\/2022\/03\/IMG_5404-3-2048x1536.jpg 2048w\" sizes=\"auto, (max-width: 1024px) 100vw, 1024px\" \/><\/figure>\n<\/figure>\n<\/div>\n<\/div>\n<\/div><\/div>\n","protected":false},"excerpt":{"rendered":"<p>\u00abMucha gente peque\u00f1a en lugares peque\u00f1os haciendo cosas peque\u00f1as pueden cambiar el mundo\u00bb &#8211; Eduardo Galeano Pr\u00f3ximas aventuras Monegros TT Junto a nuestros amigos del circuito Monegros ya estamos ideando nuevas aventuras para el pr\u00f3ximo oto\u00f1o Edici\u00f3n 2025 Desde el viernes 4 al viernes 11 de abril nos volveremos a encontrar con nuestros amigos de [&hellip;]<\/p>\n","protected":false},"author":1,"featured_media":0,"parent":0,"menu_order":0,"comment_status":"closed","ping_status":"closed","template":"","meta":{"om_disable_all_campaigns":false,"_monsterinsights_skip_tracking":false,"_monsterinsights_sitenote_active":false,"_monsterinsights_sitenote_note":"","_monsterinsights_sitenote_category":0,"site-sidebar-layout":"no-sidebar","site-content-layout":"plain-container","ast-site-content-layout":"normal-width-container","site-content-style":"unboxed","site-sidebar-style":"unboxed","ast-global-header-display":"","ast-banner-title-visibility":"","ast-main-header-display":"","ast-hfb-above-header-display":"","ast-hfb-below-header-display":"","ast-hfb-mobile-header-display":"","site-post-title":"disabled","ast-breadcrumbs-content":"","ast-featured-img":"","footer-sml-layout":"","theme-transparent-header-meta":"enabled","adv-header-id-meta":"","stick-header-meta":"","header-above-stick-meta":"","header-main-stick-meta":"","header-below-stick-meta":"","astra-migrate-meta-layouts":"set","ast-page-background-enabled":"default","ast-page-background-meta":{"desktop":{"background-color":"","background-image":"","background-repeat":"repeat","background-position":"center center","background-size":"auto","background-attachment":"scroll","background-type":"","background-media":"","overlay-type":"","overlay-color":"","overlay-opacity":"","overlay-gradient":""},"tablet":{"background-color":"","background-image":"","background-repeat":"repeat","background-position":"center center","background-size":"auto","background-attachment":"scroll","background-type":"","background-media":"","overlay-type":"","overlay-color":"","overlay-opacity":"","overlay-gradient":""},"mobile":{"background-color":"","background-image":"","background-repeat":"repeat","background-position":"center center","background-size":"auto","background-attachment":"scroll","background-type":"","background-media":"","overlay-type":"","overlay-color":"","overlay-opacity":"","overlay-gradient":""}},"ast-content-background-meta":{"desktop":{"background-color":"var(--ast-global-color-5)","background-image":"","background-repeat":"repeat","background-position":"center center","background-size":"auto","background-attachment":"scroll","background-type":"","background-media":"","overlay-type":"","overlay-color":"","overlay-opacity":"","overlay-gradient":""},"tablet":{"background-color":"var(--ast-global-color-5)","background-image":"","background-repeat":"repeat","background-position":"center center","background-size":"auto","background-attachment":"scroll","background-type":"","background-media":"","overlay-type":"","overlay-color":"","overlay-opacity":"","overlay-gradient":""},"mobile":{"background-color":"var(--ast-global-color-5)","background-image":"","background-repeat":"repeat","background-position":"center center","background-size":"auto","background-attachment":"scroll","background-type":"","background-media":"","overlay-type":"","overlay-color":"","overlay-opacity":"","overlay-gradient":""}},"footnotes":""},"class_list":["post-10","page","type-page","status-publish","hentry"],"aioseo_notices":[],"_links":{"self":[{"href":"https:\/\/pandemoniumraid.es\/index.php?rest_route=\/wp\/v2\/pages\/10","targetHints":{"allow":["GET"]}}],"collection":[{"href":"https:\/\/pandemoniumraid.es\/index.php?rest_route=\/wp\/v2\/pages"}],"about":[{"href":"https:\/\/pandemoniumraid.es\/index.php?rest_route=\/wp\/v2\/types\/page"}],"author":[{"embeddable":true,"href":"https:\/\/pandemoniumraid.es\/index.php?rest_route=\/wp\/v2\/users\/1"}],"replies":[{"embeddable":true,"href":"https:\/\/pandemoniumraid.es\/index.php?rest_route=%2Fwp%2Fv2%2Fcomments&post=10"}],"version-history":[{"count":22,"href":"https:\/\/pandemoniumraid.es\/index.php?rest_route=\/wp\/v2\/pages\/10\/revisions"}],"predecessor-version":[{"id":3119,"href":"https:\/\/pandemoniumraid.es\/index.php?rest_route=\/wp\/v2\/pages\/10\/revisions\/3119"}],"wp:attachment":[{"href":"https:\/\/pandemoniumraid.es\/index.php?rest_route=%2Fwp%2Fv2%2Fmedia&parent=10"}],"curies":[{"name":"wp","href":"https:\/\/api.w.org\/{rel}","templated":true}]}}