{"id":160,"date":"2022-03-30T22:47:10","date_gmt":"2022-03-30T20:47:10","guid":{"rendered":"https:\/\/pandemoniumraid.es\/?page_id=160"},"modified":"2022-04-01T21:49:48","modified_gmt":"2022-04-01T19:49:48","slug":"el-raid","status":"publish","type":"page","link":"https:\/\/pandemoniumraid.es\/?page_id=160","title":{"rendered":"El raid"},"content":{"rendered":"\n<figure class=\"wp-block-image size-full\"><img loading=\"lazy\" decoding=\"async\" width=\"1024\" height=\"576\" src=\"https:\/\/pandemoniumraid.es\/wp-content\/uploads\/2022\/04\/IMG_5145-1024x576-1.jpg\" alt=\"\" class=\"wp-image-760\" srcset=\"https:\/\/pandemoniumraid.es\/wp-content\/uploads\/2022\/04\/IMG_5145-1024x576-1.jpg 1024w, https:\/\/pandemoniumraid.es\/wp-content\/uploads\/2022\/04\/IMG_5145-1024x576-1-300x169.jpg 300w, https:\/\/pandemoniumraid.es\/wp-content\/uploads\/2022\/04\/IMG_5145-1024x576-1-768x432.jpg 768w\" sizes=\"auto, (max-width: 1024px) 100vw, 1024px\" \/><\/figure>\n\n\n<p>Si has llegado hasta aqu\u00ed es porque est\u00e1s pensando en bajar con tu coche a Marruecos as\u00ed que perm\u00edtenos que te demos un consejo: \u00a1Hazlo! Marruecos es un pa\u00eds incre\u00edble y sus gentes m\u00e1s a\u00fan.<\/p>\n<p>Eso s\u00ed, pasar de una experiencia maravillosa a una pesadilla es algo que puede pasar si no ten\u00e9is en cuenta dos aspectos:<\/p>\n<p>\u00a0 &#8211; 1\u00ba. Busca un compa\u00f1ero adecuado. Vas a estar con \u00e9l una media de ocho horas al d\u00eda durante m\u00e1s de una semana en un espacio de menos de tres metros c\u00fabicos. Despu\u00e9s compartir\u00e1s habitaci\u00f3n y con cansancio roncar como un \u00f1\u00fa es lo m\u00e1s habitual. Como dice un habitual del Pandemonium \u00abantes de elegir un socio para una empresa hay que ir una semana con \u00e9l a Marruecos\u00bb<\/p>\n<p>\u00a0 &#8211; 2\u00ba. Busca tu Raid. Reflexiona sobre qu\u00e9 es lo que busca e inf\u00f3rmate sobre las diferentes posibilidades para elegir aquella prueba que ofrezca lo que realmente buscas.<\/p>\n<p>A todo el mundo por orgullo le gusta quedar arriba en la clasificaci\u00f3n pero si tu objetivo es ser el primero y llevas un piloto en tu interior el Raid Pandemonium te causar\u00e1 frustraci\u00f3n porque ganar\u00e1s sin encontrar mucha competencia&#8230; Con nosotros tambi\u00e9n hay adrenalina y momentos de tensi\u00f3n pero siempre en segundo plano primando la diversi\u00f3n y la seguridad. Con un ratio de 4&#215;4 por equipo m\u00e1s de diez veces superior a las m\u00e1s afamadas pruebas, m\u00e9dico en pista, el primer raid que implement\u00f3 desfibrilador autom\u00e1tico en pista, seguimiento individual en tiempo real por sat\u00e9lite&#8230; En seguridad no se debe escatimar nunca.<\/p>\n<p>Si imaginas que dormir\u00e1s al raso bajo una palmera como todos imagin\u00e1bamos antes de bajar por primera vez a Marruecos te sugerimos que mires la temperatura que har\u00e1 esta noche en Midelt, Azrou, Ifrane (todos ellos lugares donde se suele pernoctar al menos una noche).<\/p>\n<p>Y algo muy importante. No ver\u00e1s muchas im\u00e1genes del Pandemonium asociadas a entregas humanitarias. No tenemos ninguna ONG en Marruecos. En definitiva, no nos gusta mercadear con este aspecto. Un cami\u00f3n de la organizaci\u00f3n nos acompa\u00f1a durante todo el trazado para que todo el material que podamos llevar no sea un lastre en la pista porque una vez que est\u00e9is all\u00ed no dud\u00e9is que lamentar\u00e9is no haber llevado m\u00e1s cosas para entregar. Eso s\u00ed, cada uno reparte su ayuda en persona sin eventos organizados de cara a la publicidad.\u00a0<\/p>","protected":false},"excerpt":{"rendered":"<p>Si has llegado hasta aqu\u00ed es porque est\u00e1s pensando en bajar con tu coche a Marruecos as\u00ed que perm\u00edtenos que te demos un consejo: \u00a1Hazlo! Marruecos es un pa\u00eds incre\u00edble y sus gentes m\u00e1s a\u00fan. Eso s\u00ed, pasar de una experiencia maravillosa a una pesadilla es algo que puede pasar si no ten\u00e9is en cuenta [&hellip;]<\/p>\n","protected":false},"author":1,"featured_media":0,"parent":0,"menu_order":0,"comment_status":"closed","ping_status":"closed","template":"","meta":{"om_disable_all_campaigns":false,"_monsterinsights_skip_tracking":false,"_monsterinsights_sitenote_active":false,"_monsterinsights_sitenote_note":"","_monsterinsights_sitenote_category":0,"site-sidebar-layout":"default","site-content-layout":"","ast-site-content-layout":"","site-content-style":"default","site-sidebar-style":"default","ast-global-header-display":"","ast-banner-title-visibility":"","ast-main-header-display":"","ast-hfb-above-header-display":"","ast-hfb-below-header-display":"","ast-hfb-mobile-header-display":"","site-post-title":"","ast-breadcrumbs-content":"","ast-featured-img":"","footer-sml-layout":"","theme-transparent-header-meta":"","adv-header-id-meta":"","stick-header-meta":"","header-above-stick-meta":"","header-main-stick-meta":"","header-below-stick-meta":"","astra-migrate-meta-layouts":"default","ast-page-background-enabled":"default","ast-page-background-meta":{"desktop":{"background-color":"","background-image":"","background-repeat":"repeat","background-position":"center center","background-size":"auto","background-attachment":"scroll","background-type":"","background-media":"","overlay-type":"","overlay-color":"","overlay-opacity":"","overlay-gradient":""},"tablet":{"background-color":"","background-image":"","background-repeat":"repeat","background-position":"center center","background-size":"auto","background-attachment":"scroll","background-type":"","background-media":"","overlay-type":"","overlay-color":"","overlay-opacity":"","overlay-gradient":""},"mobile":{"background-color":"","background-image":"","background-repeat":"repeat","background-position":"center center","background-size":"auto","background-attachment":"scroll","background-type":"","background-media":"","overlay-type":"","overlay-color":"","overlay-opacity":"","overlay-gradient":""}},"ast-content-background-meta":{"desktop":{"background-color":"var(--ast-global-color-5)","background-image":"","background-repeat":"repeat","background-position":"center center","background-size":"auto","background-attachment":"scroll","background-type":"","background-media":"","overlay-type":"","overlay-color":"","overlay-opacity":"","overlay-gradient":""},"tablet":{"background-color":"var(--ast-global-color-5)","background-image":"","background-repeat":"repeat","background-position":"center center","background-size":"auto","background-attachment":"scroll","background-type":"","background-media":"","overlay-type":"","overlay-color":"","overlay-opacity":"","overlay-gradient":""},"mobile":{"background-color":"var(--ast-global-color-5)","background-image":"","background-repeat":"repeat","background-position":"center center","background-size":"auto","background-attachment":"scroll","background-type":"","background-media":"","overlay-type":"","overlay-color":"","overlay-opacity":"","overlay-gradient":""}},"footnotes":""},"class_list":["post-160","page","type-page","status-publish","hentry"],"aioseo_notices":[],"_links":{"self":[{"href":"https:\/\/pandemoniumraid.es\/index.php?rest_route=\/wp\/v2\/pages\/160","targetHints":{"allow":["GET"]}}],"collection":[{"href":"https:\/\/pandemoniumraid.es\/index.php?rest_route=\/wp\/v2\/pages"}],"about":[{"href":"https:\/\/pandemoniumraid.es\/index.php?rest_route=\/wp\/v2\/types\/page"}],"author":[{"embeddable":true,"href":"https:\/\/pandemoniumraid.es\/index.php?rest_route=\/wp\/v2\/users\/1"}],"replies":[{"embeddable":true,"href":"https:\/\/pandemoniumraid.es\/index.php?rest_route=%2Fwp%2Fv2%2Fcomments&post=160"}],"version-history":[{"count":4,"href":"https:\/\/pandemoniumraid.es\/index.php?rest_route=\/wp\/v2\/pages\/160\/revisions"}],"predecessor-version":[{"id":782,"href":"https:\/\/pandemoniumraid.es\/index.php?rest_route=\/wp\/v2\/pages\/160\/revisions\/782"}],"wp:attachment":[{"href":"https:\/\/pandemoniumraid.es\/index.php?rest_route=%2Fwp%2Fv2%2Fmedia&parent=160"}],"curies":[{"name":"wp","href":"https:\/\/api.w.org\/{rel}","templated":true}]}}