{"id":526,"date":"2022-03-31T00:14:55","date_gmt":"2022-03-30T22:14:55","guid":{"rendered":"https:\/\/pandemoniumraid.es\/?page_id=526"},"modified":"2022-03-31T22:07:45","modified_gmt":"2022-03-31T20:07:45","slug":"coches-admitidos","status":"publish","type":"page","link":"https:\/\/pandemoniumraid.es\/?page_id=526","title":{"rendered":"Coches admitidos"},"content":{"rendered":"\n<figure class=\"wp-block-image size-large\"><img loading=\"lazy\" decoding=\"async\" width=\"1024\" height=\"768\" src=\"http:\/\/pandemoniumraid.es\/wp-content\/uploads\/2022\/03\/IMG_E5310-1024x768.jpg\" alt=\"\" class=\"wp-image-479\" srcset=\"https:\/\/pandemoniumraid.es\/wp-content\/uploads\/2022\/03\/IMG_E5310-1024x768.jpg 1024w, https:\/\/pandemoniumraid.es\/wp-content\/uploads\/2022\/03\/IMG_E5310-300x225.jpg 300w, https:\/\/pandemoniumraid.es\/wp-content\/uploads\/2022\/03\/IMG_E5310-768x576.jpg 768w, https:\/\/pandemoniumraid.es\/wp-content\/uploads\/2022\/03\/IMG_E5310-1536x1152.jpg 1536w, https:\/\/pandemoniumraid.es\/wp-content\/uploads\/2022\/03\/IMG_E5310-2048x1536.jpg 2048w\" sizes=\"auto, (max-width: 1024px) 100vw, 1024px\" \/><\/figure>\n\n\n<p lang=\"es-ES\"><span style=\"color: #47425d;\"><span style=\"font-family: Arial, serif;\"><span style=\"font-size: x-large;\">En el Raid Pandemoniun ninguna marca nos impone el modelo de coche a elegir, es el momento de recordar cu\u00e1l fue el coche con el que empezaste a conducir y que seguramente ser\u00e1 al que m\u00e1s cari\u00f1o cogiste. A\u00fan puede ofrecerte mejores recuerdos.<\/span><\/span><\/span><\/p>\n<p lang=\"es-ES\"><span style=\"color: #47425d;\"><span style=\"font-family: Arial, serif;\"><span style=\"font-size: x-large;\">Ser\u00e1 admitida la participaci\u00f3n de cualquier veh\u00edculo autom\u00f3vil con una cilindrada no superior a 1.400 c.c. y potencia m\u00e1xima no superior a 60 CV (hasta 65 CV con penalizaci\u00f3n seg\u00fan reglamento). El modelo (no necesariamente el coche participante) deber\u00e1 tener como m\u00ednimo 25 a\u00f1os de antig\u00fcedad o bien que la fecha de matriculaci\u00f3n sea anterior al 1 de octubre de 1997.\u00a0<\/span><\/span><\/span><\/p>\n<p lang=\"es-ES\"><span style=\"color: #47425d;\"><span style=\"font-family: Arial, serif;\"><span style=\"font-size: x-large;\">Los veh\u00edculos han de estar legalmente homologados para poder circular por v\u00edas p\u00fablicas abiertas al tr\u00e1fico, con la documentaci\u00f3n y seguro en regla. El piloto y persona que presenta la documentaci\u00f3n del veh\u00edculo a la verificaci\u00f3n, es el \u00fanico responsable de la veracidad de la documentaci\u00f3n presentada.<\/span><\/span><\/span><\/p>\n<p lang=\"es-ES\"><span style=\"color: #47425d;\"><span style=\"font-family: Arial, serif;\"><span style=\"font-size: x-large;\">En caso de que el veh\u00edculo sea de tracci\u00f3n total, \u00e9sta se deber\u00e1 ser desconectable para poder realizar las pruebas de habilidad en igualdad de condiciones con el resto de competidores.<\/span><\/span><\/span><\/p>\n<p lang=\"es-ES\" align=\"JUSTIFY\"><span style=\"color: #47425d;\"><span style=\"font-family: Arial, serif;\"><span style=\"font-size: x-large;\">Asimismo podr\u00edan ser aceptados veh\u00edculos que incumplan alguna de las condiciones anteriores siempre y cuando seg\u00fan criterio de la organizaci\u00f3n sea considerado veh\u00edculo de inter\u00e9s.<\/span><\/span><\/span><\/p>","protected":false},"excerpt":{"rendered":"<p>En el Raid Pandemoniun ninguna marca nos impone el modelo de coche a elegir, es el momento de recordar cu\u00e1l fue el coche con el que empezaste a conducir y que seguramente ser\u00e1 al que m\u00e1s cari\u00f1o cogiste. A\u00fan puede ofrecerte mejores recuerdos. Ser\u00e1 admitida la participaci\u00f3n de cualquier veh\u00edculo autom\u00f3vil con una cilindrada no [&hellip;]<\/p>\n","protected":false},"author":1,"featured_media":0,"parent":0,"menu_order":0,"comment_status":"closed","ping_status":"closed","template":"","meta":{"om_disable_all_campaigns":false,"_monsterinsights_skip_tracking":false,"_monsterinsights_sitenote_active":false,"_monsterinsights_sitenote_note":"","_monsterinsights_sitenote_category":0,"site-sidebar-layout":"default","site-content-layout":"","ast-site-content-layout":"","site-content-style":"default","site-sidebar-style":"default","ast-global-header-display":"","ast-banner-title-visibility":"","ast-main-header-display":"","ast-hfb-above-header-display":"","ast-hfb-below-header-display":"","ast-hfb-mobile-header-display":"","site-post-title":"","ast-breadcrumbs-content":"","ast-featured-img":"","footer-sml-layout":"","theme-transparent-header-meta":"","adv-header-id-meta":"","stick-header-meta":"","header-above-stick-meta":"","header-main-stick-meta":"","header-below-stick-meta":"","astra-migrate-meta-layouts":"default","ast-page-background-enabled":"default","ast-page-background-meta":{"desktop":{"background-color":"","background-image":"","background-repeat":"repeat","background-position":"center center","background-size":"auto","background-attachment":"scroll","background-type":"","background-media":"","overlay-type":"","overlay-color":"","overlay-opacity":"","overlay-gradient":""},"tablet":{"background-color":"","background-image":"","background-repeat":"repeat","background-position":"center center","background-size":"auto","background-attachment":"scroll","background-type":"","background-media":"","overlay-type":"","overlay-color":"","overlay-opacity":"","overlay-gradient":""},"mobile":{"background-color":"","background-image":"","background-repeat":"repeat","background-position":"center center","background-size":"auto","background-attachment":"scroll","background-type":"","background-media":"","overlay-type":"","overlay-color":"","overlay-opacity":"","overlay-gradient":""}},"ast-content-background-meta":{"desktop":{"background-color":"var(--ast-global-color-5)","background-image":"","background-repeat":"repeat","background-position":"center center","background-size":"auto","background-attachment":"scroll","background-type":"","background-media":"","overlay-type":"","overlay-color":"","overlay-opacity":"","overlay-gradient":""},"tablet":{"background-color":"var(--ast-global-color-5)","background-image":"","background-repeat":"repeat","background-position":"center center","background-size":"auto","background-attachment":"scroll","background-type":"","background-media":"","overlay-type":"","overlay-color":"","overlay-opacity":"","overlay-gradient":""},"mobile":{"background-color":"var(--ast-global-color-5)","background-image":"","background-repeat":"repeat","background-position":"center center","background-size":"auto","background-attachment":"scroll","background-type":"","background-media":"","overlay-type":"","overlay-color":"","overlay-opacity":"","overlay-gradient":""}},"footnotes":""},"class_list":["post-526","page","type-page","status-publish","hentry"],"aioseo_notices":[],"_links":{"self":[{"href":"https:\/\/pandemoniumraid.es\/index.php?rest_route=\/wp\/v2\/pages\/526","targetHints":{"allow":["GET"]}}],"collection":[{"href":"https:\/\/pandemoniumraid.es\/index.php?rest_route=\/wp\/v2\/pages"}],"about":[{"href":"https:\/\/pandemoniumraid.es\/index.php?rest_route=\/wp\/v2\/types\/page"}],"author":[{"embeddable":true,"href":"https:\/\/pandemoniumraid.es\/index.php?rest_route=\/wp\/v2\/users\/1"}],"replies":[{"embeddable":true,"href":"https:\/\/pandemoniumraid.es\/index.php?rest_route=%2Fwp%2Fv2%2Fcomments&post=526"}],"version-history":[{"count":3,"href":"https:\/\/pandemoniumraid.es\/index.php?rest_route=\/wp\/v2\/pages\/526\/revisions"}],"predecessor-version":[{"id":612,"href":"https:\/\/pandemoniumraid.es\/index.php?rest_route=\/wp\/v2\/pages\/526\/revisions\/612"}],"wp:attachment":[{"href":"https:\/\/pandemoniumraid.es\/index.php?rest_route=%2Fwp%2Fv2%2Fmedia&parent=526"}],"curies":[{"name":"wp","href":"https:\/\/api.w.org\/{rel}","templated":true}]}}