{"id":528,"date":"2022-03-31T00:15:37","date_gmt":"2022-03-30T22:15:37","guid":{"rendered":"https:\/\/pandemoniumraid.es\/?page_id=528"},"modified":"2022-03-31T22:24:55","modified_gmt":"2022-03-31T20:24:55","slug":"preparacion-obligatoria","status":"publish","type":"page","link":"https:\/\/pandemoniumraid.es\/?page_id=528","title":{"rendered":"Preparaci\u00f3n obligatoria"},"content":{"rendered":"\n<figure class=\"wp-block-image size-large\"><img loading=\"lazy\" decoding=\"async\" width=\"1024\" height=\"768\" src=\"http:\/\/pandemoniumraid.es\/wp-content\/uploads\/2022\/03\/IMG_2946-2-1024x768.jpg\" alt=\"\" class=\"wp-image-339\" srcset=\"https:\/\/pandemoniumraid.es\/wp-content\/uploads\/2022\/03\/IMG_2946-2-1024x768.jpg 1024w, https:\/\/pandemoniumraid.es\/wp-content\/uploads\/2022\/03\/IMG_2946-2-300x225.jpg 300w, https:\/\/pandemoniumraid.es\/wp-content\/uploads\/2022\/03\/IMG_2946-2-768x576.jpg 768w, https:\/\/pandemoniumraid.es\/wp-content\/uploads\/2022\/03\/IMG_2946-2-1536x1152.jpg 1536w, https:\/\/pandemoniumraid.es\/wp-content\/uploads\/2022\/03\/IMG_2946-2-2048x1536.jpg 2048w\" sizes=\"auto, (max-width: 1024px) 100vw, 1024px\" \/><\/figure>\n\n\n<p lang=\"es-ES\" align=\"JUSTIFY\"><span style=\"color: #47425d;\"><span style=\"font-family: Arial, serif;\"><span style=\"font-size: x-large;\">Cada equipo debe llevar un equipamiento que ser\u00e1 verificado por la organizaci\u00f3n pudiendo su incumplimiento conllevar la expulsi\u00f3n del Raid. Es el siguiente:<\/span><\/span><\/span><\/p>\n<p lang=\"es-ES\"><span style=\"color: #47425d;\"><span style=\"font-family: Arial, serif;\"><span style=\"font-size: x-large;\">-Ruedas de repuesto, m\u00ednimo una pero recomendable dos.<\/span><\/span><\/span><\/p>\n<p lang=\"es-ES\"><span style=\"color: #47425d;\"><span style=\"font-family: Arial, serif;\"><span style=\"font-size: x-large;\">-Bid\u00f3n homologado con un m\u00ednimo de 10 litros de capacidad (en el caso de los 4\u00d74, 20 litros).<\/span><\/span><\/span><\/p>\n<p lang=\"es-ES\"><span style=\"color: #47425d;\"><span style=\"font-family: Arial, serif;\"><span style=\"font-size: x-large;\">-Extintor de 2 kgs m\u00ednimo o bien dos de 1 kg.<\/span><\/span><\/span><\/p>\n<p lang=\"es-ES\"><span style=\"color: #47425d;\"><span style=\"font-family: Arial, serif;\"><span style=\"font-size: x-large;\">-Cubrecarter<\/span><\/span><\/span><\/p>\n<p lang=\"es-ES\"><span style=\"color: #47425d;\"><span style=\"font-family: Arial, serif;\"><span style=\"font-size: x-large;\">-Puntos de remolcaje delante y detr\u00e1s, se\u00f1alizados con una flecha.<\/span><\/span><\/span><\/p>\n<p lang=\"es-ES\"><span style=\"color: #47425d;\"><span style=\"font-family: Arial, serif;\"><span style=\"font-size: x-large;\">-Eslinga de m\u00ednimo 5 metros de longitud y un grillete.<\/span><\/span><\/span><\/p>\n<p lang=\"es-ES\"><span style=\"color: #47425d;\"><span style=\"font-family: Arial, serif;\"><span style=\"font-size: x-large;\">-Br\u00fajula<\/span><\/span><\/span><\/p>\n<p lang=\"es-ES\"><span style=\"color: #47425d;\"><span style=\"font-family: Arial, serif;\"><span style=\"font-size: x-large;\">-Bid\u00f3n de 5 litros de agua potable por equipo.<\/span><\/span><\/span><\/p>\n<p lang=\"es-ES\"><span style=\"color: #47425d;\"><span style=\"font-family: Arial, serif;\"><span style=\"font-size: x-large;\">-Mapa de Marruecos en papel (El t\u00edpico es el Michelin 742 pero no hay pegas si son fotocopias siempre y cuando sean legibles).<\/span><\/span><\/span><\/p>\n<p lang=\"es-ES\"><span style=\"color: #47425d;\"><span style=\"font-family: Arial, serif;\"><span style=\"font-size: x-large;\">-Botiqu\u00edn privado: servir\u00e1 para atender las posibles incidencias, peque\u00f1as heridas, dolores leves, diarreas, etc.<\/span><\/span><\/span><\/p>\n<p lang=\"es-ES\"><span style=\"color: #47425d;\"><span style=\"font-family: Arial, serif;\"><span style=\"font-size: x-large;\">-GPS: Garmin tipo Etrex. NO son v\u00e1lidos navegadores o tel\u00e9fonos. Las rutas se introducir\u00e1n diariamente en los mismos.<\/span><\/span><\/span><\/p>\n<p lang=\"es-ES\"><span style=\"color: #47425d;\"><span style=\"font-family: Arial, serif;\"><span style=\"font-size: x-large;\">Todos los equipos deber\u00e1n respetar los siguientes espacios en sus veh\u00edculos:<\/span><\/span><\/span><\/p>\n<p><span style=\"color: #47425d;\">\u2043<span style=\"font-family: Arial, serif;\"><span style=\"font-size: x-large;\"><span lang=\"es-ES\">Espacio de 50 cms de ancho y 30 cms de alto en puertas derecha e izquierda (dorsal)<\/span><\/span><\/span><\/span><\/p>\n<p><span style=\"color: #47425d;\">\u2043\u00a0<span style=\"font-family: Arial, serif;\"><span style=\"font-size: x-large;\"><span lang=\"es-ES\">Banda en la parte superior del parabrisas. Toda su anchura y 10 cms de altura.<\/span><\/span><\/span><\/span><\/p>\n<p><span style=\"color: #47425d;\">\u2043<span style=\"font-family: Arial, serif;\"><span style=\"font-size: x-large;\"><span lang=\"es-ES\">4 adhesivos 15 x 25 cms de libre colocaci\u00f3n.<\/span><\/span><\/span><\/span><\/p>\n<p lang=\"es-ES\"><span style=\"color: #47425d;\"><span style=\"font-family: Arial, serif;\"><span style=\"font-size: x-large;\">Los equipos deber\u00e1n prestar en las verificaciones los siguientes documentos:<\/span><\/span><\/span><\/p>\n<p><span style=\"color: #47425d;\">\u2043<span style=\"font-family: Arial, serif;\"><span style=\"font-size: x-large;\"><span lang=\"es-ES\">Pasaportes ( con un m\u00ednimo de 6 meses de validez)<\/span><\/span><\/span><\/span><\/p>\n<p><span style=\"color: #47425d;\">\u2043<span style=\"font-family: Arial, serif;\"><span style=\"font-size: x-large;\"><span lang=\"es-ES\">Permiso de conducir (s\u00f3lo conductor)<\/span><\/span><\/span><\/span><\/p>\n<p lang=\"es-ES\"><span style=\"color: #47425d;\"><span style=\"font-family: Arial, serif;\"><span style=\"font-size: x-large;\">La documentaci\u00f3n obligatoria del vehiculo a presentar es la siguiente:<\/span><\/span><\/span><\/p>\n<p><span style=\"color: #47425d;\">\u2043<span style=\"font-family: Arial, serif;\"><span style=\"font-size: x-large;\"><span lang=\"es-ES\">Permiso de circulaci\u00f3n<\/span><\/span><\/span><\/span><\/p>\n<p><span style=\"color: #47425d;\">\u2043<span style=\"font-family: Arial, serif;\"><span style=\"font-size: x-large;\"><span lang=\"es-ES\">Tarjeta de Inspecci\u00f3n T\u00e9cnica con revisi\u00f3n ITV en vigor<\/span><\/span><\/span><\/span><\/p>\n<p><span style=\"color: #47425d;\">\u2043<span style=\"font-family: Arial, serif;\"><span style=\"font-size: x-large;\"><span lang=\"es-ES\">Recibo de seguro y carta verde.<\/span><\/span><\/span><\/span><\/p>","protected":false},"excerpt":{"rendered":"<p>Cada equipo debe llevar un equipamiento que ser\u00e1 verificado por la organizaci\u00f3n pudiendo su incumplimiento conllevar la expulsi\u00f3n del Raid. Es el siguiente: -Ruedas de repuesto, m\u00ednimo una pero recomendable dos. -Bid\u00f3n homologado con un m\u00ednimo de 10 litros de capacidad (en el caso de los 4\u00d74, 20 litros). -Extintor de 2 kgs m\u00ednimo o [&hellip;]<\/p>\n","protected":false},"author":1,"featured_media":0,"parent":0,"menu_order":0,"comment_status":"closed","ping_status":"closed","template":"","meta":{"om_disable_all_campaigns":false,"_monsterinsights_skip_tracking":false,"_monsterinsights_sitenote_active":false,"_monsterinsights_sitenote_note":"","_monsterinsights_sitenote_category":0,"site-sidebar-layout":"default","site-content-layout":"","ast-site-content-layout":"","site-content-style":"default","site-sidebar-style":"default","ast-global-header-display":"","ast-banner-title-visibility":"","ast-main-header-display":"","ast-hfb-above-header-display":"","ast-hfb-below-header-display":"","ast-hfb-mobile-header-display":"","site-post-title":"","ast-breadcrumbs-content":"","ast-featured-img":"","footer-sml-layout":"","theme-transparent-header-meta":"","adv-header-id-meta":"","stick-header-meta":"","header-above-stick-meta":"","header-main-stick-meta":"","header-below-stick-meta":"","astra-migrate-meta-layouts":"default","ast-page-background-enabled":"default","ast-page-background-meta":{"desktop":{"background-color":"","background-image":"","background-repeat":"repeat","background-position":"center center","background-size":"auto","background-attachment":"scroll","background-type":"","background-media":"","overlay-type":"","overlay-color":"","overlay-opacity":"","overlay-gradient":""},"tablet":{"background-color":"","background-image":"","background-repeat":"repeat","background-position":"center center","background-size":"auto","background-attachment":"scroll","background-type":"","background-media":"","overlay-type":"","overlay-color":"","overlay-opacity":"","overlay-gradient":""},"mobile":{"background-color":"","background-image":"","background-repeat":"repeat","background-position":"center center","background-size":"auto","background-attachment":"scroll","background-type":"","background-media":"","overlay-type":"","overlay-color":"","overlay-opacity":"","overlay-gradient":""}},"ast-content-background-meta":{"desktop":{"background-color":"var(--ast-global-color-5)","background-image":"","background-repeat":"repeat","background-position":"center center","background-size":"auto","background-attachment":"scroll","background-type":"","background-media":"","overlay-type":"","overlay-color":"","overlay-opacity":"","overlay-gradient":""},"tablet":{"background-color":"var(--ast-global-color-5)","background-image":"","background-repeat":"repeat","background-position":"center center","background-size":"auto","background-attachment":"scroll","background-type":"","background-media":"","overlay-type":"","overlay-color":"","overlay-opacity":"","overlay-gradient":""},"mobile":{"background-color":"var(--ast-global-color-5)","background-image":"","background-repeat":"repeat","background-position":"center center","background-size":"auto","background-attachment":"scroll","background-type":"","background-media":"","overlay-type":"","overlay-color":"","overlay-opacity":"","overlay-gradient":""}},"footnotes":""},"class_list":["post-528","page","type-page","status-publish","hentry"],"aioseo_notices":[],"_links":{"self":[{"href":"https:\/\/pandemoniumraid.es\/index.php?rest_route=\/wp\/v2\/pages\/528","targetHints":{"allow":["GET"]}}],"collection":[{"href":"https:\/\/pandemoniumraid.es\/index.php?rest_route=\/wp\/v2\/pages"}],"about":[{"href":"https:\/\/pandemoniumraid.es\/index.php?rest_route=\/wp\/v2\/types\/page"}],"author":[{"embeddable":true,"href":"https:\/\/pandemoniumraid.es\/index.php?rest_route=\/wp\/v2\/users\/1"}],"replies":[{"embeddable":true,"href":"https:\/\/pandemoniumraid.es\/index.php?rest_route=%2Fwp%2Fv2%2Fcomments&post=528"}],"version-history":[{"count":4,"href":"https:\/\/pandemoniumraid.es\/index.php?rest_route=\/wp\/v2\/pages\/528\/revisions"}],"predecessor-version":[{"id":618,"href":"https:\/\/pandemoniumraid.es\/index.php?rest_route=\/wp\/v2\/pages\/528\/revisions\/618"}],"wp:attachment":[{"href":"https:\/\/pandemoniumraid.es\/index.php?rest_route=%2Fwp%2Fv2%2Fmedia&parent=528"}],"curies":[{"name":"wp","href":"https:\/\/api.w.org\/{rel}","templated":true}]}}