{"id":530,"date":"2022-03-31T00:16:32","date_gmt":"2022-03-30T22:16:32","guid":{"rendered":"https:\/\/pandemoniumraid.es\/?page_id=530"},"modified":"2022-03-31T22:26:21","modified_gmt":"2022-03-31T20:26:21","slug":"preparacion-recomendable","status":"publish","type":"page","link":"https:\/\/pandemoniumraid.es\/?page_id=530","title":{"rendered":"Preparaci\u00f3n recomendable"},"content":{"rendered":"\n<figure class=\"wp-block-image size-large\"><img loading=\"lazy\" decoding=\"async\" width=\"1024\" height=\"768\" src=\"http:\/\/pandemoniumraid.es\/wp-content\/uploads\/2022\/03\/IMG_E2937-2-1024x768.jpg\" alt=\"\" class=\"wp-image-462\" srcset=\"https:\/\/pandemoniumraid.es\/wp-content\/uploads\/2022\/03\/IMG_E2937-2-1024x768.jpg 1024w, https:\/\/pandemoniumraid.es\/wp-content\/uploads\/2022\/03\/IMG_E2937-2-300x225.jpg 300w, https:\/\/pandemoniumraid.es\/wp-content\/uploads\/2022\/03\/IMG_E2937-2-768x576.jpg 768w, https:\/\/pandemoniumraid.es\/wp-content\/uploads\/2022\/03\/IMG_E2937-2-1536x1152.jpg 1536w, https:\/\/pandemoniumraid.es\/wp-content\/uploads\/2022\/03\/IMG_E2937-2-2048x1536.jpg 2048w\" sizes=\"auto, (max-width: 1024px) 100vw, 1024px\" \/><\/figure>\n\n\n<p lang=\"es-ES\" align=\"JUSTIFY\"><span style=\"color: #47425d;\"><span style=\"font-family: Arial, serif;\"><span style=\"font-size: x-large;\">A la hora de preparar nuestro coche debemos preguntarnos qu\u00e9 beneficios nos puede reportar los elementos que instalemos pero en la preparaci\u00f3n de un coche hay varias reglas que nunca fallan:<\/span><\/span><\/span><\/p>\n<p lang=\"es-ES\" align=\"JUSTIFY\"><em>\u00a0 &#8211; El peso es el enemigo<\/em><\/p>\n<p lang=\"es-ES\" align=\"JUSTIFY\"><em>\u00a0 &#8211; Lo que no est\u00e1 no se puede romper<\/em><\/p>\n<p lang=\"es-ES\" align=\"JUSTIFY\"><em>\u00a0 &#8211; En una preparaci\u00f3n mec\u00e1nica hay tres factores: Fiabilidad, prestaciones y econom\u00eda. Nunca estos tres factores van juntos, como mucho dos.<\/em><\/p>\n<p lang=\"es-ES\" align=\"JUSTIFY\"><span style=\"color: #47425d;\"><span style=\"font-family: Arial, serif;\"><span style=\"font-size: x-large;\">Visto esto casi siempre un coche de serie bien mantenido ser\u00e1 la mejor opci\u00f3n a no ser que tengas conocimientos o un buen presupuesto.<\/span><\/span><\/span><\/p>\n<p lang=\"es-ES\"><span style=\"color: #47425d;\"><span style=\"font-family: Arial, serif;\"><span style=\"font-size: x-large;\">Nuestras modificaciones (aparte de las obligatorias) ser\u00edan las siguientes:<\/span><\/span><\/span><\/p>\n<ul>\n<li>\n<p lang=\"es-ES\"><span style=\"color: #47425d;\"><span style=\"font-family: Arial, serif;\"><span style=\"font-size: x-large;\">Compresor para hinchar las ruedas. Variar las presiones har\u00e1 que no tengamos que utilizar el siguiente punto.<\/span><\/span><\/span><\/p>\n<\/li>\n<li>\n<p lang=\"es-ES\"><span style=\"color: #47425d;\"><span style=\"font-family: Arial, serif;\"><span style=\"font-size: x-large;\">Planchas de desatasco y pala. Para que una vez enterrados podamos salir.<\/span><\/span><\/span><\/p>\n<\/li>\n<li>\n<p lang=\"es-ES\"><span style=\"color: #47425d;\"><span style=\"font-family: Arial, serif;\"><span style=\"font-size: x-large;\">Interruptor para que el ventilador del motor se encienda a nuestra voluntad. En paralelo con el autom\u00e1tico, permitir\u00e1 que la temperatura del motor se mantenga en niveles bajos.<\/span><\/span><\/span><\/p>\n<\/li>\n<\/ul>\n<p lang=\"es-ES\"><span style=\"color: #47425d;\"><span style=\"font-family: Arial, serif;\"><span style=\"font-size: x-large;\">Cada modelo tiene sus peculiaridades y la experiencia es un grado as\u00ed que no dud\u00e9is en contactar con la organizaci\u00f3n para la preparaci\u00f3n de vuestro coche para el Raid Pandemonium<\/span><\/span><\/span><\/p>","protected":false},"excerpt":{"rendered":"<p>A la hora de preparar nuestro coche debemos preguntarnos qu\u00e9 beneficios nos puede reportar los elementos que instalemos pero en la preparaci\u00f3n de un coche hay varias reglas que nunca fallan: \u00a0 &#8211; El peso es el enemigo \u00a0 &#8211; Lo que no est\u00e1 no se puede romper \u00a0 &#8211; En una preparaci\u00f3n mec\u00e1nica hay [&hellip;]<\/p>\n","protected":false},"author":1,"featured_media":0,"parent":0,"menu_order":0,"comment_status":"closed","ping_status":"closed","template":"","meta":{"om_disable_all_campaigns":false,"_monsterinsights_skip_tracking":false,"_monsterinsights_sitenote_active":false,"_monsterinsights_sitenote_note":"","_monsterinsights_sitenote_category":0,"site-sidebar-layout":"default","site-content-layout":"","ast-site-content-layout":"","site-content-style":"default","site-sidebar-style":"default","ast-global-header-display":"","ast-banner-title-visibility":"","ast-main-header-display":"","ast-hfb-above-header-display":"","ast-hfb-below-header-display":"","ast-hfb-mobile-header-display":"","site-post-title":"","ast-breadcrumbs-content":"","ast-featured-img":"","footer-sml-layout":"","theme-transparent-header-meta":"","adv-header-id-meta":"","stick-header-meta":"","header-above-stick-meta":"","header-main-stick-meta":"","header-below-stick-meta":"","astra-migrate-meta-layouts":"default","ast-page-background-enabled":"default","ast-page-background-meta":{"desktop":{"background-color":"","background-image":"","background-repeat":"repeat","background-position":"center center","background-size":"auto","background-attachment":"scroll","background-type":"","background-media":"","overlay-type":"","overlay-color":"","overlay-opacity":"","overlay-gradient":""},"tablet":{"background-color":"","background-image":"","background-repeat":"repeat","background-position":"center center","background-size":"auto","background-attachment":"scroll","background-type":"","background-media":"","overlay-type":"","overlay-color":"","overlay-opacity":"","overlay-gradient":""},"mobile":{"background-color":"","background-image":"","background-repeat":"repeat","background-position":"center center","background-size":"auto","background-attachment":"scroll","background-type":"","background-media":"","overlay-type":"","overlay-color":"","overlay-opacity":"","overlay-gradient":""}},"ast-content-background-meta":{"desktop":{"background-color":"var(--ast-global-color-5)","background-image":"","background-repeat":"repeat","background-position":"center center","background-size":"auto","background-attachment":"scroll","background-type":"","background-media":"","overlay-type":"","overlay-color":"","overlay-opacity":"","overlay-gradient":""},"tablet":{"background-color":"var(--ast-global-color-5)","background-image":"","background-repeat":"repeat","background-position":"center center","background-size":"auto","background-attachment":"scroll","background-type":"","background-media":"","overlay-type":"","overlay-color":"","overlay-opacity":"","overlay-gradient":""},"mobile":{"background-color":"var(--ast-global-color-5)","background-image":"","background-repeat":"repeat","background-position":"center center","background-size":"auto","background-attachment":"scroll","background-type":"","background-media":"","overlay-type":"","overlay-color":"","overlay-opacity":"","overlay-gradient":""}},"footnotes":""},"class_list":["post-530","page","type-page","status-publish","hentry"],"aioseo_notices":[],"_links":{"self":[{"href":"https:\/\/pandemoniumraid.es\/index.php?rest_route=\/wp\/v2\/pages\/530","targetHints":{"allow":["GET"]}}],"collection":[{"href":"https:\/\/pandemoniumraid.es\/index.php?rest_route=\/wp\/v2\/pages"}],"about":[{"href":"https:\/\/pandemoniumraid.es\/index.php?rest_route=\/wp\/v2\/types\/page"}],"author":[{"embeddable":true,"href":"https:\/\/pandemoniumraid.es\/index.php?rest_route=\/wp\/v2\/users\/1"}],"replies":[{"embeddable":true,"href":"https:\/\/pandemoniumraid.es\/index.php?rest_route=%2Fwp%2Fv2%2Fcomments&post=530"}],"version-history":[{"count":4,"href":"https:\/\/pandemoniumraid.es\/index.php?rest_route=\/wp\/v2\/pages\/530\/revisions"}],"predecessor-version":[{"id":619,"href":"https:\/\/pandemoniumraid.es\/index.php?rest_route=\/wp\/v2\/pages\/530\/revisions\/619"}],"wp:attachment":[{"href":"https:\/\/pandemoniumraid.es\/index.php?rest_route=%2Fwp%2Fv2%2Fmedia&parent=530"}],"curies":[{"name":"wp","href":"https:\/\/api.w.org\/{rel}","templated":true}]}}