{"id":538,"date":"2022-03-31T00:18:40","date_gmt":"2022-03-30T22:18:40","guid":{"rendered":"https:\/\/pandemoniumraid.es\/?page_id=538"},"modified":"2023-11-22T19:27:25","modified_gmt":"2023-11-22T17:27:25","slug":"el-recorrido","status":"publish","type":"page","link":"https:\/\/pandemoniumraid.es\/?page_id=538","title":{"rendered":"El recorrido"},"content":{"rendered":"\n<figure class=\"wp-block-image size-full is-resized\"><img loading=\"lazy\" decoding=\"async\" width=\"750\" height=\"499\" src=\"https:\/\/pandemoniumraid.es\/wp-content\/uploads\/2022\/04\/mapabrujula.jpeg\" alt=\"\" class=\"wp-image-773\" style=\"width:961px;height:639px\" srcset=\"https:\/\/pandemoniumraid.es\/wp-content\/uploads\/2022\/04\/mapabrujula.jpeg 750w, https:\/\/pandemoniumraid.es\/wp-content\/uploads\/2022\/04\/mapabrujula-300x200.jpeg 300w\" sizes=\"auto, (max-width: 750px) 100vw, 750px\" \/><\/figure>\n\n\n<p>La mayor parte de los equipos de la familia Pandemonium repite a\u00f1o tras a\u00f1o (de hecho este a\u00f1o no hemos abierto inscripciones a nuevos equiops) por lo que el recorrido cambia cada edici\u00f3n.<\/p>\n<p>Aprovechando que las fechas de este a\u00f1o ser\u00e1n m\u00e1s tempranas de lo habitual para no coincidir con el Ramad\u00e1n aprovecharemos la previsible nieve y barro que las pistas del Atlas acostumbran a tener antes en invierno<\/p>\n<p>Neum\u00e1ticos de taco este a\u00f1o aunque no podemos olvidarnos de Merzouga donde como siempre el Hotel Nasser Palace nos har\u00e1 sentir como en casa.<\/p>","protected":false},"excerpt":{"rendered":"<p>La mayor parte de los equipos de la familia Pandemonium repite a\u00f1o tras a\u00f1o (de hecho este a\u00f1o no hemos abierto inscripciones a nuevos equiops) por lo que el recorrido cambia cada edici\u00f3n. Aprovechando que las fechas de este a\u00f1o ser\u00e1n m\u00e1s tempranas de lo habitual para no coincidir con el Ramad\u00e1n aprovecharemos la previsible [&hellip;]<\/p>\n","protected":false},"author":1,"featured_media":0,"parent":0,"menu_order":0,"comment_status":"closed","ping_status":"closed","template":"","meta":{"om_disable_all_campaigns":false,"_monsterinsights_skip_tracking":false,"_monsterinsights_sitenote_active":false,"_monsterinsights_sitenote_note":"","_monsterinsights_sitenote_category":0,"site-sidebar-layout":"default","site-content-layout":"","ast-site-content-layout":"","site-content-style":"default","site-sidebar-style":"default","ast-global-header-display":"","ast-banner-title-visibility":"","ast-main-header-display":"","ast-hfb-above-header-display":"","ast-hfb-below-header-display":"","ast-hfb-mobile-header-display":"","site-post-title":"","ast-breadcrumbs-content":"","ast-featured-img":"","footer-sml-layout":"","theme-transparent-header-meta":"","adv-header-id-meta":"","stick-header-meta":"","header-above-stick-meta":"","header-main-stick-meta":"","header-below-stick-meta":"","astra-migrate-meta-layouts":"default","ast-page-background-enabled":"default","ast-page-background-meta":{"desktop":{"background-color":"","background-image":"","background-repeat":"repeat","background-position":"center center","background-size":"auto","background-attachment":"scroll","background-type":"","background-media":"","overlay-type":"","overlay-color":"","overlay-opacity":"","overlay-gradient":""},"tablet":{"background-color":"","background-image":"","background-repeat":"repeat","background-position":"center center","background-size":"auto","background-attachment":"scroll","background-type":"","background-media":"","overlay-type":"","overlay-color":"","overlay-opacity":"","overlay-gradient":""},"mobile":{"background-color":"","background-image":"","background-repeat":"repeat","background-position":"center center","background-size":"auto","background-attachment":"scroll","background-type":"","background-media":"","overlay-type":"","overlay-color":"","overlay-opacity":"","overlay-gradient":""}},"ast-content-background-meta":{"desktop":{"background-color":"var(--ast-global-color-5)","background-image":"","background-repeat":"repeat","background-position":"center center","background-size":"auto","background-attachment":"scroll","background-type":"","background-media":"","overlay-type":"","overlay-color":"","overlay-opacity":"","overlay-gradient":""},"tablet":{"background-color":"var(--ast-global-color-5)","background-image":"","background-repeat":"repeat","background-position":"center center","background-size":"auto","background-attachment":"scroll","background-type":"","background-media":"","overlay-type":"","overlay-color":"","overlay-opacity":"","overlay-gradient":""},"mobile":{"background-color":"var(--ast-global-color-5)","background-image":"","background-repeat":"repeat","background-position":"center center","background-size":"auto","background-attachment":"scroll","background-type":"","background-media":"","overlay-type":"","overlay-color":"","overlay-opacity":"","overlay-gradient":""}},"footnotes":""},"class_list":["post-538","page","type-page","status-publish","hentry"],"aioseo_notices":[],"_links":{"self":[{"href":"https:\/\/pandemoniumraid.es\/index.php?rest_route=\/wp\/v2\/pages\/538","targetHints":{"allow":["GET"]}}],"collection":[{"href":"https:\/\/pandemoniumraid.es\/index.php?rest_route=\/wp\/v2\/pages"}],"about":[{"href":"https:\/\/pandemoniumraid.es\/index.php?rest_route=\/wp\/v2\/types\/page"}],"author":[{"embeddable":true,"href":"https:\/\/pandemoniumraid.es\/index.php?rest_route=\/wp\/v2\/users\/1"}],"replies":[{"embeddable":true,"href":"https:\/\/pandemoniumraid.es\/index.php?rest_route=%2Fwp%2Fv2%2Fcomments&post=538"}],"version-history":[{"count":5,"href":"https:\/\/pandemoniumraid.es\/index.php?rest_route=\/wp\/v2\/pages\/538\/revisions"}],"predecessor-version":[{"id":3112,"href":"https:\/\/pandemoniumraid.es\/index.php?rest_route=\/wp\/v2\/pages\/538\/revisions\/3112"}],"wp:attachment":[{"href":"https:\/\/pandemoniumraid.es\/index.php?rest_route=%2Fwp%2Fv2%2Fmedia&parent=538"}],"curies":[{"name":"wp","href":"https:\/\/api.w.org\/{rel}","templated":true}]}}