{"id":540,"date":"2022-03-31T00:19:01","date_gmt":"2022-03-30T22:19:01","guid":{"rendered":"https:\/\/pandemoniumraid.es\/?page_id=540"},"modified":"2026-03-06T22:26:57","modified_gmt":"2026-03-06T20:26:57","slug":"las-fechas","status":"publish","type":"page","link":"https:\/\/pandemoniumraid.es\/?page_id=540","title":{"rendered":"Las fechas"},"content":{"rendered":"\n<figure class=\"wp-block-image size-large\"><img loading=\"lazy\" decoding=\"async\" width=\"768\" height=\"1024\" src=\"http:\/\/pandemoniumraid.es\/wp-content\/uploads\/2022\/03\/IMG_0349-768x1024.jpg\" alt=\"\" class=\"wp-image-269\" srcset=\"https:\/\/pandemoniumraid.es\/wp-content\/uploads\/2022\/03\/IMG_0349-768x1024.jpg 768w, https:\/\/pandemoniumraid.es\/wp-content\/uploads\/2022\/03\/IMG_0349-225x300.jpg 225w, https:\/\/pandemoniumraid.es\/wp-content\/uploads\/2022\/03\/IMG_0349-1152x1536.jpg 1152w, https:\/\/pandemoniumraid.es\/wp-content\/uploads\/2022\/03\/IMG_0349-1536x2048.jpg 1536w, https:\/\/pandemoniumraid.es\/wp-content\/uploads\/2022\/03\/IMG_0349-scaled.jpg 1920w\" sizes=\"auto, (max-width: 768px) 100vw, 768px\" \/><\/figure>\n\n\n<p>Vamos a por la decimocuarta Edici\u00f3n y en 2027 probablemente no se celebrar\u00e1 en las fechas habituales \u00a0(dos semanas antes de Semana Santa).<\/p>\n<p>Como sabr\u00e9is las fechas del Ramad\u00e1n var\u00edan de a\u00f1o en a\u00f1o. En 2027 ser\u00e1 desde el 7 de febrero hasta el 9 de marzo. Por otra parte la Semana Santa ser\u00e1 desde el 21 hasta el 28 der marzo.<\/p>\n<p>Pr\u00f3ximamente os consultaremos para decidir la fecha definitiva.<\/p>","protected":false},"excerpt":{"rendered":"<p>Vamos a por la decimocuarta Edici\u00f3n y en 2027 probablemente no se celebrar\u00e1 en las fechas habituales \u00a0(dos semanas antes de Semana Santa). Como sabr\u00e9is las fechas del Ramad\u00e1n var\u00edan de a\u00f1o en a\u00f1o. En 2027 ser\u00e1 desde el 7 de febrero hasta el 9 de marzo. Por otra parte la Semana Santa ser\u00e1 desde [&hellip;]<\/p>\n","protected":false},"author":1,"featured_media":0,"parent":0,"menu_order":0,"comment_status":"closed","ping_status":"closed","template":"","meta":{"om_disable_all_campaigns":false,"_monsterinsights_skip_tracking":false,"_monsterinsights_sitenote_active":false,"_monsterinsights_sitenote_note":"","_monsterinsights_sitenote_category":0,"site-sidebar-layout":"default","site-content-layout":"","ast-site-content-layout":"default","site-content-style":"default","site-sidebar-style":"default","ast-global-header-display":"","ast-banner-title-visibility":"","ast-main-header-display":"","ast-hfb-above-header-display":"","ast-hfb-below-header-display":"","ast-hfb-mobile-header-display":"","site-post-title":"","ast-breadcrumbs-content":"","ast-featured-img":"","footer-sml-layout":"","theme-transparent-header-meta":"","adv-header-id-meta":"","stick-header-meta":"","header-above-stick-meta":"","header-main-stick-meta":"","header-below-stick-meta":"","astra-migrate-meta-layouts":"set","ast-page-background-enabled":"default","ast-page-background-meta":{"desktop":{"background-color":"","background-image":"","background-repeat":"repeat","background-position":"center center","background-size":"auto","background-attachment":"scroll","background-type":"","background-media":"","overlay-type":"","overlay-color":"","overlay-opacity":"","overlay-gradient":""},"tablet":{"background-color":"","background-image":"","background-repeat":"repeat","background-position":"center center","background-size":"auto","background-attachment":"scroll","background-type":"","background-media":"","overlay-type":"","overlay-color":"","overlay-opacity":"","overlay-gradient":""},"mobile":{"background-color":"","background-image":"","background-repeat":"repeat","background-position":"center center","background-size":"auto","background-attachment":"scroll","background-type":"","background-media":"","overlay-type":"","overlay-color":"","overlay-opacity":"","overlay-gradient":""}},"ast-content-background-meta":{"desktop":{"background-color":"var(--ast-global-color-5)","background-image":"","background-repeat":"repeat","background-position":"center center","background-size":"auto","background-attachment":"scroll","background-type":"","background-media":"","overlay-type":"","overlay-color":"","overlay-opacity":"","overlay-gradient":""},"tablet":{"background-color":"var(--ast-global-color-5)","background-image":"","background-repeat":"repeat","background-position":"center center","background-size":"auto","background-attachment":"scroll","background-type":"","background-media":"","overlay-type":"","overlay-color":"","overlay-opacity":"","overlay-gradient":""},"mobile":{"background-color":"var(--ast-global-color-5)","background-image":"","background-repeat":"repeat","background-position":"center center","background-size":"auto","background-attachment":"scroll","background-type":"","background-media":"","overlay-type":"","overlay-color":"","overlay-opacity":"","overlay-gradient":""}},"footnotes":""},"class_list":["post-540","page","type-page","status-publish","hentry"],"aioseo_notices":[],"_links":{"self":[{"href":"https:\/\/pandemoniumraid.es\/index.php?rest_route=\/wp\/v2\/pages\/540","targetHints":{"allow":["GET"]}}],"collection":[{"href":"https:\/\/pandemoniumraid.es\/index.php?rest_route=\/wp\/v2\/pages"}],"about":[{"href":"https:\/\/pandemoniumraid.es\/index.php?rest_route=\/wp\/v2\/types\/page"}],"author":[{"embeddable":true,"href":"https:\/\/pandemoniumraid.es\/index.php?rest_route=\/wp\/v2\/users\/1"}],"replies":[{"embeddable":true,"href":"https:\/\/pandemoniumraid.es\/index.php?rest_route=%2Fwp%2Fv2%2Fcomments&post=540"}],"version-history":[{"count":8,"href":"https:\/\/pandemoniumraid.es\/index.php?rest_route=\/wp\/v2\/pages\/540\/revisions"}],"predecessor-version":[{"id":3122,"href":"https:\/\/pandemoniumraid.es\/index.php?rest_route=\/wp\/v2\/pages\/540\/revisions\/3122"}],"wp:attachment":[{"href":"https:\/\/pandemoniumraid.es\/index.php?rest_route=%2Fwp%2Fv2%2Fmedia&parent=540"}],"curies":[{"name":"wp","href":"https:\/\/api.w.org\/{rel}","templated":true}]}}